{"id":6467,"date":"2025-03-25T10:26:58","date_gmt":"2025-03-25T09:26:58","guid":{"rendered":"https:\/\/payerneland.ch\/?page_id=6467"},"modified":"2025-08-07T17:01:26","modified_gmt":"2025-08-07T15:01:26","slug":"job-offers","status":"publish","type":"page","link":"https:\/\/payerneland.ch\/en\/job-offers\/","title":{"rendered":"Job offers"},"content":{"rendered":"\t\t<div data-elementor-type=\"wp-page\" data-elementor-id=\"6467\" class=\"elementor elementor-6467\" data-elementor-post-type=\"page\">\n\t\t\t\t<div class=\"elementor-element elementor-element-c0c54f7 e-flex e-con-boxed e-con e-parent\" data-id=\"c0c54f7\" data-element_type=\"container\">\n\t\t\t\t\t<div class=\"e-con-inner\">\n\t\t\t\t<div class=\"elementor-element elementor-element-9431958 elementor-widget elementor-widget-heading\" data-id=\"9431958\" data-element_type=\"widget\" data-widget_type=\"heading.default\">\n\t\t\t\t\t<h2 class=\"elementor-heading-title elementor-size-default\">Offres d'emploi<\/h2>\t\t\t\t<\/div>\n\t\t\t\t<div class=\"elementor-element elementor-element-38e0fc5 elementor-widget elementor-widget-text-editor\" data-id=\"38e0fc5\" data-element_type=\"widget\" data-widget_type=\"text-editor.default\">\n\t\t\t\t\t\t\t\t\t<p>Vous \u00eates passionn\u00e9(e) par le divertissement, l\u2019adr\u00e9naline et le contact avec la client\u00e8le ? Payerneland est toujours \u00e0 la recherche de nouveaux talents pour renforcer son \u00e9quipe dynamique et conviviale.<\/p>\t\t\t\t\t\t\t\t<\/div>\n\t\t\t\t<div class=\"elementor-element elementor-element-a082b0e elementor-grid-2 elementor-grid-tablet-1 elementor-grid-mobile-1 elementor-widget elementor-widget-loop-grid\" data-id=\"a082b0e\" data-element_type=\"widget\" data-settings=\"{&quot;template_id&quot;:8479,&quot;columns&quot;:2,&quot;columns_tablet&quot;:1,&quot;_skin&quot;:&quot;post&quot;,&quot;columns_mobile&quot;:&quot;1&quot;,&quot;edit_handle_selector&quot;:&quot;[data-elementor-type=\\&quot;loop-item\\&quot;]&quot;,&quot;row_gap&quot;:{&quot;unit&quot;:&quot;px&quot;,&quot;size&quot;:&quot;&quot;,&quot;sizes&quot;:[]},&quot;row_gap_laptop&quot;:{&quot;unit&quot;:&quot;px&quot;,&quot;size&quot;:&quot;&quot;,&quot;sizes&quot;:[]},&quot;row_gap_tablet_extra&quot;:{&quot;unit&quot;:&quot;px&quot;,&quot;size&quot;:&quot;&quot;,&quot;sizes&quot;:[]},&quot;row_gap_tablet&quot;:{&quot;unit&quot;:&quot;px&quot;,&quot;size&quot;:&quot;&quot;,&quot;sizes&quot;:[]},&quot;row_gap_mobile_extra&quot;:{&quot;unit&quot;:&quot;px&quot;,&quot;size&quot;:&quot;&quot;,&quot;sizes&quot;:[]},&quot;row_gap_mobile&quot;:{&quot;unit&quot;:&quot;px&quot;,&quot;size&quot;:&quot;&quot;,&quot;sizes&quot;:[]}}\" data-widget_type=\"loop-grid.post\">\n\t\t\t\t<div class=\"elementor-widget-container\">\n\t\t\t\t\t\t\t<div class=\"elementor-loop-container elementor-grid\" role=\"list\">\n\t\t<style id=\"loop-8479\">.elementor-8479 .elementor-element.elementor-element-1f2e5bb{--display:flex;--flex-direction:column;--container-widget-width:100%;--container-widget-height:initial;--container-widget-flex-grow:0;--container-widget-align-self:initial;--flex-wrap-mobile:wrap;--justify-content:flex-start;--gap:0px 0px;--row-gap:0px;--column-gap:0px;border-style:solid;--border-style:solid;border-width:4px 4px 4px 4px;--border-top-width:4px;--border-right-width:4px;--border-bottom-width:4px;--border-left-width:4px;border-color:var( --e-global-color-primary );--border-color:var( --e-global-color-primary );--border-radius:30px 30px 30px 30px;--margin-top:0px;--margin-bottom:0px;--margin-left:0px;--margin-right:0px;--padding-top:0px;--padding-bottom:0px;--padding-left:0px;--padding-right:0px;}.elementor-widget-image .widget-image-caption{color:var( --e-global-color-text );font-family:var( --e-global-typography-text-font-family ), Sans-serif;font-size:var( --e-global-typography-text-font-size );font-weight:var( --e-global-typography-text-font-weight );}.elementor-8479 .elementor-element.elementor-element-15ec27e img{width:100%;height:180px;object-fit:cover;object-position:center center;border-radius:25px 25px 0px 0px;}.elementor-8479 .elementor-element.elementor-element-e296c64{--display:flex;--gap:10px 10px;--row-gap:10px;--column-gap:10px;--margin-top:0px;--margin-bottom:0px;--margin-left:0px;--margin-right:0px;--padding-top:30px;--padding-bottom:30px;--padding-left:30px;--padding-right:30px;}.elementor-8479 .elementor-element.elementor-element-e296c64.e-con{--align-self:stretch;}.elementor-widget-theme-post-title .elementor-heading-title{font-family:var( --e-global-typography-primary-font-family ), Sans-serif;font-size:var( --e-global-typography-primary-font-size );font-weight:var( --e-global-typography-primary-font-weight );color:var( --e-global-color-primary );}.elementor-8479 .elementor-element.elementor-element-4b9094b .elementor-heading-title{font-family:\"Manrope\", Sans-serif;font-size:36px;font-weight:300;}.elementor-widget-heading .elementor-heading-title{font-family:var( --e-global-typography-primary-font-family ), Sans-serif;font-size:var( --e-global-typography-primary-font-size );font-weight:var( --e-global-typography-primary-font-weight );color:var( --e-global-color-primary );}.elementor-8479 .elementor-element.elementor-element-ff70214 .elementor-heading-title{font-family:\"Manrope\", Sans-serif;font-size:20px;font-weight:800;}.elementor-widget-text-editor{font-family:var( --e-global-typography-text-font-family ), Sans-serif;font-size:var( --e-global-typography-text-font-size );font-weight:var( --e-global-typography-text-font-weight );color:var( --e-global-color-text );}.elementor-widget-text-editor.elementor-drop-cap-view-stacked .elementor-drop-cap{background-color:var( --e-global-color-primary );}.elementor-widget-text-editor.elementor-drop-cap-view-framed .elementor-drop-cap, .elementor-widget-text-editor.elementor-drop-cap-view-default .elementor-drop-cap{color:var( --e-global-color-primary );border-color:var( --e-global-color-primary );}.elementor-8479 .elementor-element.elementor-element-8d98361{margin:10px 0px calc(var(--kit-widget-spacing, 0px) + 0px) 0px;padding:0px 0px 0px 0px;font-family:\"Manrope\", Sans-serif;font-size:16px;font-weight:500;}.elementor-widget-button .elementor-button{background-color:var( --e-global-color-accent );font-family:var( --e-global-typography-accent-font-family ), Sans-serif;font-size:var( --e-global-typography-accent-font-size );font-weight:var( --e-global-typography-accent-font-weight );}.elementor-8479 .elementor-element.elementor-element-91a21c2 .elementor-button{background-color:var( --e-global-color-primary );font-family:\"Inter\", Sans-serif;font-size:14px;font-weight:700;text-transform:uppercase;fill:var( --e-global-color-accent );color:var( --e-global-color-accent );border-radius:20px 20px 20px 20px;padding:10px 25px 10px 25px;}.elementor-8479 .elementor-element.elementor-element-91a21c2 .elementor-button:hover, .elementor-8479 .elementor-element.elementor-element-91a21c2 .elementor-button:focus{background-color:#970F17;color:var( --e-global-color-accent );border-color:#970F17;}.elementor-8479 .elementor-element.elementor-element-91a21c2{margin:20px 0px calc(var(--kit-widget-spacing, 0px) + 0px) 0px;padding:0px 0px 0px 0px;}.elementor-8479 .elementor-element.elementor-element-91a21c2 .elementor-button:hover svg, .elementor-8479 .elementor-element.elementor-element-91a21c2 .elementor-button:focus svg{fill:var( --e-global-color-accent );}@media(max-width:1366px){.elementor-widget-image .widget-image-caption{font-size:var( --e-global-typography-text-font-size );}.elementor-widget-theme-post-title .elementor-heading-title{font-size:var( --e-global-typography-primary-font-size );}.elementor-widget-heading .elementor-heading-title{font-size:var( --e-global-typography-primary-font-size );}.elementor-widget-text-editor{font-size:var( --e-global-typography-text-font-size );}.elementor-widget-button .elementor-button{font-size:var( --e-global-typography-accent-font-size );}}@media(max-width:1024px){.elementor-widget-image .widget-image-caption{font-size:var( --e-global-typography-text-font-size );}.elementor-widget-theme-post-title .elementor-heading-title{font-size:var( --e-global-typography-primary-font-size );}.elementor-widget-heading .elementor-heading-title{font-size:var( --e-global-typography-primary-font-size );}.elementor-widget-text-editor{font-size:var( --e-global-typography-text-font-size );}.elementor-widget-button .elementor-button{font-size:var( --e-global-typography-accent-font-size );}}@media(max-width:600px){.elementor-widget-image .widget-image-caption{font-size:var( --e-global-typography-text-font-size );}.elementor-8479 .elementor-element.elementor-element-15ec27e img{height:120px;}.elementor-8479 .elementor-element.elementor-element-e296c64{--padding-top:15px;--padding-bottom:15px;--padding-left:15px;--padding-right:15px;}.elementor-widget-theme-post-title .elementor-heading-title{font-size:var( --e-global-typography-primary-font-size );}.elementor-8479 .elementor-element.elementor-element-4b9094b .elementor-heading-title{font-size:24px;}.elementor-widget-heading .elementor-heading-title{font-size:var( --e-global-typography-primary-font-size );}.elementor-8479 .elementor-element.elementor-element-ff70214 .elementor-heading-title{font-size:18px;}.elementor-widget-text-editor{font-size:var( --e-global-typography-text-font-size );}.elementor-8479 .elementor-element.elementor-element-8d98361{margin:0px 0px calc(var(--kit-widget-spacing, 0px) + 0px) 0px;font-size:15px;}.elementor-widget-button .elementor-button{font-size:var( --e-global-typography-accent-font-size );}}\/* Start custom CSS for button, class: .elementor-element-91a21c2 *\/.elementor-8479 .elementor-element.elementor-element-91a21c2\n{\n    margin-top: auto;\n}\/* End custom CSS *\/<\/style>\t\t<div data-elementor-type=\"loop-item\" data-elementor-id=\"8479\" class=\"elementor elementor-8479 e-loop-item e-loop-item-8498 post-8498 emplois type-emplois status-publish hentry\" data-elementor-post-type=\"elementor_library\" data-custom-edit-handle=\"1\">\n\t\t\t<div class=\"elementor-element elementor-element-1f2e5bb e-flex e-con-boxed e-con e-parent\" data-id=\"1f2e5bb\" data-element_type=\"container\">\n\t\t\t\t\t<div class=\"e-con-inner\">\n\t\t\t\t<div class=\"elementor-element elementor-element-15ec27e elementor-widget elementor-widget-image\" data-id=\"15ec27e\" data-element_type=\"widget\" data-widget_type=\"image.default\">\n\t\t\t\t\t\t\t\t\t\t\t\t\t\t\t<img fetchpriority=\"high\" decoding=\"async\" width=\"635\" height=\"363\" src=\"https:\/\/payerneland.ch\/wp-content\/uploads\/2025\/04\/championnat-ete.jpg\" class=\"attachment-large size-large wp-image-7430\" alt=\"\" srcset=\"https:\/\/payerneland.ch\/wp-content\/uploads\/2025\/04\/championnat-ete.jpg 635w, https:\/\/payerneland.ch\/wp-content\/uploads\/2025\/04\/championnat-ete-300x171.jpg 300w\" sizes=\"(max-width: 635px) 100vw, 635px\" \/>\t\t\t\t\t\t\t\t\t\t\t\t\t\t\t<\/div>\n\t\t<div class=\"elementor-element elementor-element-e296c64 e-con-full e-flex e-con e-child\" data-id=\"e296c64\" data-element_type=\"container\">\n\t\t\t\t<div class=\"elementor-element elementor-element-4b9094b elementor-widget elementor-widget-theme-post-title elementor-page-title elementor-widget-heading\" data-id=\"4b9094b\" data-element_type=\"widget\" data-widget_type=\"theme-post-title.default\">\n\t\t\t\t\t<h2 class=\"elementor-heading-title elementor-size-default\">Postulation spontan\u00e9e<\/h2>\t\t\t\t<\/div>\n\t\t\t\t<div class=\"elementor-element elementor-element-8d98361 elementor-widget elementor-widget-text-editor\" data-id=\"8d98361\" data-element_type=\"widget\" data-widget_type=\"text-editor.default\">\n\t\t\t\t\t\t\t\t\t<p>Vous \u00eates passionn\u00e9(e) par le divertissement, l\u2019adr\u00e9naline et le contact avec la client\u00e8le ? Payerneland est toujours \u00e0 la recherche de nouveaux talents pour renforcer son \u00e9quipe dynamique et conviviale.<\/p>\n\t\t\t\t\t\t\t\t<\/div>\n\t\t\t\t<div class=\"elementor-element elementor-element-91a21c2 elementor-widget elementor-widget-button\" data-id=\"91a21c2\" data-element_type=\"widget\" data-widget_type=\"button.default\">\n\t\t\t\t\t\t\t\t\t\t<a class=\"elementor-button elementor-button-link elementor-size-sm\" href=\"https:\/\/payerneland.ch\/en\/jobs\/spontaneous-application\/\">\n\t\t\t\t\t\t<span class=\"elementor-button-content-wrapper\">\n\t\t\t\t\t\t\t\t\t<span class=\"elementor-button-text\">D\u00e9tail et postulation<\/span>\n\t\t\t\t\t<\/span>\n\t\t\t\t\t<\/a>\n\t\t\t\t\t\t\t\t<\/div>\n\t\t\t\t<\/div>\n\t\t\t\t\t<\/div>\n\t\t\t\t<\/div>\n\t\t\t\t<\/div>\n\t\t\t\t<\/div>\n\t\t\n\t\t\t\t\t\t<\/div>\n\t\t\t\t<\/div>\n\t\t\t\t\t<\/div>\n\t\t\t\t<\/div>\n\t\t\t\t<\/div>\n\t\t","protected":false},"excerpt":{"rendered":"<p>Jobs Are you passionate about fun, adrenaline and customer contact? Payerneland is always on the lookout for new talent to strengthen its dynamic and friendly team.<\/p>","protected":false},"author":1,"featured_media":0,"parent":0,"menu_order":0,"comment_status":"closed","ping_status":"closed","template":"","meta":{"_acf_changed":false,"footnotes":""},"categories":[7],"tags":[],"class_list":["post-6467","page","type-page","status-publish","hentry","category-payerneland"],"acf":[],"yoast_head":"<!-- This site is optimized with the Yoast SEO plugin v27.3 - https:\/\/yoast.com\/product\/yoast-seo-wordpress\/ -->\n<title>Offres d&#039;emploi - Payerneland<\/title>\n<meta name=\"description\" content=\"Consultez les offres d\u2019emploi chez Payerneland \u00e0 Payerne et postulez pour rejoindre une \u00e9quipe dynamique dans le secteur du loisir.\" \/>\n<meta name=\"robots\" content=\"index, follow, max-snippet:-1, max-image-preview:large, max-video-preview:-1\" \/>\n<link rel=\"canonical\" href=\"https:\/\/payerneland.ch\/en\/job-offers\/\" \/>\n<meta property=\"og:locale\" content=\"en_US\" \/>\n<meta property=\"og:type\" content=\"article\" \/>\n<meta property=\"og:title\" content=\"Offres d&#039;emploi - Payerneland\" \/>\n<meta property=\"og:description\" content=\"Consultez les offres d\u2019emploi chez Payerneland \u00e0 Payerne et postulez pour rejoindre une \u00e9quipe dynamique dans le secteur du loisir.\" \/>\n<meta property=\"og:url\" content=\"https:\/\/payerneland.ch\/en\/job-offers\/\" \/>\n<meta property=\"og:site_name\" content=\"Payerneland\" \/>\n<meta property=\"article:publisher\" content=\"https:\/\/www.facebook.com\/Kartingpayerne\/?locale=fr_FR\" \/>\n<meta property=\"article:modified_time\" content=\"2025-08-07T15:01:26+00:00\" \/>\n<meta name=\"twitter:card\" content=\"summary_large_image\" \/>\n<meta name=\"twitter:label1\" content=\"Est. reading time\" \/>\n\t<meta name=\"twitter:data1\" content=\"1 minute\" \/>\n<script type=\"application\/ld+json\" class=\"yoast-schema-graph\">{\"@context\":\"https:\\\/\\\/schema.org\",\"@graph\":[{\"@type\":\"WebPage\",\"@id\":\"https:\\\/\\\/payerneland.ch\\\/offres-demploi\\\/\",\"url\":\"https:\\\/\\\/payerneland.ch\\\/offres-demploi\\\/\",\"name\":\"Offres d'emploi - Payerneland\",\"isPartOf\":{\"@id\":\"https:\\\/\\\/payerneland.ch\\\/#website\"},\"datePublished\":\"2025-03-25T09:26:58+00:00\",\"dateModified\":\"2025-08-07T15:01:26+00:00\",\"description\":\"Consultez les offres d\u2019emploi chez Payerneland \u00e0 Payerne et postulez pour rejoindre une \u00e9quipe dynamique dans le secteur du loisir.\",\"breadcrumb\":{\"@id\":\"https:\\\/\\\/payerneland.ch\\\/offres-demploi\\\/#breadcrumb\"},\"inLanguage\":\"en-US\",\"potentialAction\":[{\"@type\":\"ReadAction\",\"target\":[\"https:\\\/\\\/payerneland.ch\\\/offres-demploi\\\/\"]}]},{\"@type\":\"BreadcrumbList\",\"@id\":\"https:\\\/\\\/payerneland.ch\\\/offres-demploi\\\/#breadcrumb\",\"itemListElement\":[{\"@type\":\"ListItem\",\"position\":1,\"name\":\"Accueil\",\"item\":\"https:\\\/\\\/payerneland.ch\\\/\"},{\"@type\":\"ListItem\",\"position\":2,\"name\":\"Offres d&#8217;emploi\"}]},{\"@type\":\"WebSite\",\"@id\":\"https:\\\/\\\/payerneland.ch\\\/#website\",\"url\":\"https:\\\/\\\/payerneland.ch\\\/\",\"name\":\"Payerneland\",\"description\":\"Karting - Karting Indoor - Karting Outdoor - Parc Aventure - Laura Parc - Payerne - Suisse\",\"publisher\":{\"@id\":\"https:\\\/\\\/payerneland.ch\\\/#organization\"},\"potentialAction\":[{\"@type\":\"SearchAction\",\"target\":{\"@type\":\"EntryPoint\",\"urlTemplate\":\"https:\\\/\\\/payerneland.ch\\\/?s={search_term_string}\"},\"query-input\":{\"@type\":\"PropertyValueSpecification\",\"valueRequired\":true,\"valueName\":\"search_term_string\"}}],\"inLanguage\":\"en-US\"},{\"@type\":\"Organization\",\"@id\":\"https:\\\/\\\/payerneland.ch\\\/#organization\",\"name\":\"Payerneland\",\"url\":\"https:\\\/\\\/payerneland.ch\\\/\",\"logo\":{\"@type\":\"ImageObject\",\"inLanguage\":\"en-US\",\"@id\":\"https:\\\/\\\/payerneland.ch\\\/#\\\/schema\\\/logo\\\/image\\\/\",\"url\":\"https:\\\/\\\/payerneland.ch\\\/wp-content\\\/uploads\\\/2024\\\/05\\\/logo-payerneland.png\",\"contentUrl\":\"https:\\\/\\\/payerneland.ch\\\/wp-content\\\/uploads\\\/2024\\\/05\\\/logo-payerneland.png\",\"width\":337,\"height\":149,\"caption\":\"Payerneland\"},\"image\":{\"@id\":\"https:\\\/\\\/payerneland.ch\\\/#\\\/schema\\\/logo\\\/image\\\/\"},\"sameAs\":[\"https:\\\/\\\/www.facebook.com\\\/Kartingpayerne\\\/?locale=fr_FR\",\"https:\\\/\\\/www.instagram.com\\\/kartingpayerne\\\/\"]}]}<\/script>\n<!-- \/ Yoast SEO plugin. -->","yoast_head_json":{"title":"Jobs - Payerneland","description":"Check out the vacancies at Payerneland in Payerne and apply to join a dynamic team in the leisure sector.","robots":{"index":"index","follow":"follow","max-snippet":"max-snippet:-1","max-image-preview":"max-image-preview:large","max-video-preview":"max-video-preview:-1"},"canonical":"https:\/\/payerneland.ch\/en\/job-offers\/","og_locale":"en_US","og_type":"article","og_title":"Offres d'emploi - Payerneland","og_description":"Consultez les offres d\u2019emploi chez Payerneland \u00e0 Payerne et postulez pour rejoindre une \u00e9quipe dynamique dans le secteur du loisir.","og_url":"https:\/\/payerneland.ch\/en\/job-offers\/","og_site_name":"Payerneland","article_publisher":"https:\/\/www.facebook.com\/Kartingpayerne\/?locale=fr_FR","article_modified_time":"2025-08-07T15:01:26+00:00","twitter_card":"summary_large_image","twitter_misc":{"Est. reading time":"1 minute"},"schema":{"@context":"https:\/\/schema.org","@graph":[{"@type":"WebPage","@id":"https:\/\/payerneland.ch\/offres-demploi\/","url":"https:\/\/payerneland.ch\/offres-demploi\/","name":"Jobs - Payerneland","isPartOf":{"@id":"https:\/\/payerneland.ch\/#website"},"datePublished":"2025-03-25T09:26:58+00:00","dateModified":"2025-08-07T15:01:26+00:00","description":"Check out the vacancies at Payerneland in Payerne and apply to join a dynamic team in the leisure sector.","breadcrumb":{"@id":"https:\/\/payerneland.ch\/offres-demploi\/#breadcrumb"},"inLanguage":"en-US","potentialAction":[{"@type":"ReadAction","target":["https:\/\/payerneland.ch\/offres-demploi\/"]}]},{"@type":"BreadcrumbList","@id":"https:\/\/payerneland.ch\/offres-demploi\/#breadcrumb","itemListElement":[{"@type":"ListItem","position":1,"name":"Accueil","item":"https:\/\/payerneland.ch\/"},{"@type":"ListItem","position":2,"name":"Offres d&#8217;emploi"}]},{"@type":"WebSite","@id":"https:\/\/payerneland.ch\/#website","url":"https:\/\/payerneland.ch\/","name":"Payerneland","description":"Karting - Indoor Karting - Outdoor Karting - Adventure Park - Laura Parc - Payerne - Switzerland","publisher":{"@id":"https:\/\/payerneland.ch\/#organization"},"potentialAction":[{"@type":"SearchAction","target":{"@type":"EntryPoint","urlTemplate":"https:\/\/payerneland.ch\/?s={search_term_string}"},"query-input":{"@type":"PropertyValueSpecification","valueRequired":true,"valueName":"search_term_string"}}],"inLanguage":"en-US"},{"@type":"Organization","@id":"https:\/\/payerneland.ch\/#organization","name":"Payerneland","url":"https:\/\/payerneland.ch\/","logo":{"@type":"ImageObject","inLanguage":"en-US","@id":"https:\/\/payerneland.ch\/#\/schema\/logo\/image\/","url":"https:\/\/payerneland.ch\/wp-content\/uploads\/2024\/05\/logo-payerneland.png","contentUrl":"https:\/\/payerneland.ch\/wp-content\/uploads\/2024\/05\/logo-payerneland.png","width":337,"height":149,"caption":"Payerneland"},"image":{"@id":"https:\/\/payerneland.ch\/#\/schema\/logo\/image\/"},"sameAs":["https:\/\/www.facebook.com\/Kartingpayerne\/?locale=fr_FR","https:\/\/www.instagram.com\/kartingpayerne\/"]}]}},"_links":{"self":[{"href":"https:\/\/payerneland.ch\/en\/wp-json\/wp\/v2\/pages\/6467","targetHints":{"allow":["GET"]}}],"collection":[{"href":"https:\/\/payerneland.ch\/en\/wp-json\/wp\/v2\/pages"}],"about":[{"href":"https:\/\/payerneland.ch\/en\/wp-json\/wp\/v2\/types\/page"}],"author":[{"embeddable":true,"href":"https:\/\/payerneland.ch\/en\/wp-json\/wp\/v2\/users\/1"}],"replies":[{"embeddable":true,"href":"https:\/\/payerneland.ch\/en\/wp-json\/wp\/v2\/comments?post=6467"}],"version-history":[{"count":30,"href":"https:\/\/payerneland.ch\/en\/wp-json\/wp\/v2\/pages\/6467\/revisions"}],"predecessor-version":[{"id":8821,"href":"https:\/\/payerneland.ch\/en\/wp-json\/wp\/v2\/pages\/6467\/revisions\/8821"}],"wp:attachment":[{"href":"https:\/\/payerneland.ch\/en\/wp-json\/wp\/v2\/media?parent=6467"}],"wp:term":[{"taxonomy":"category","embeddable":true,"href":"https:\/\/payerneland.ch\/en\/wp-json\/wp\/v2\/categories?post=6467"},{"taxonomy":"post_tag","embeddable":true,"href":"https:\/\/payerneland.ch\/en\/wp-json\/wp\/v2\/tags?post=6467"}],"curies":[{"name":"wp","href":"https:\/\/api.w.org\/{rel}","templated":true}]}}