{"id":5085,"date":"2024-08-07T14:35:39","date_gmt":"2024-08-07T12:35:39","guid":{"rendered":"https:\/\/payerneland.ch\/?page_id=5085"},"modified":"2025-08-07T17:17:12","modified_gmt":"2025-08-07T15:17:12","slug":"datenschutzrichtlinie","status":"publish","type":"page","link":"https:\/\/payerneland.ch\/de\/datenschutzrichtlinie\/","title":{"rendered":"Datenschutzrichtlinie"},"content":{"rendered":"<div data-elementor-type=\"wp-page\" data-elementor-id=\"5085\" class=\"elementor elementor-5085\" data-elementor-post-type=\"page\">\n\t\t\t\t<div class=\"elementor-element elementor-element-d879b52 e-flex e-con-boxed e-con e-parent\" data-id=\"d879b52\" data-element_type=\"container\">\n\t\t\t\t\t<div class=\"e-con-inner\">\n\t\t\t\t<div class=\"elementor-element elementor-element-67b4fdfe elementor-widget elementor-widget-text-editor\" data-id=\"67b4fdfe\" data-element_type=\"widget\" data-widget_type=\"text-editor.default\">\n\t\t\t\t\t\t\t\t\t\r\n<h1 class=\"wp-block-heading\"><strong>Datenschutzrichtlinie<\/strong><\/h1>\r\n<p>Payerneland Holding SA, Route de Berne 14, 1530 Payerne, Schweiz (nachfolgend \"Payerneland\" oder \"wir\") legt besonderen Wert auf den Schutz der pers\u00f6nlichen Daten der Besucher unserer Website und verpflichtet sich in diesem Zusammenhang, die Vertraulichkeit der gesammelten Daten zu wahren. Diese Datenschutzrichtlinie beschreibt die Art der personenbezogenen Daten, die wir sammeln, sowie die Art und Weise, wie wir diese Daten verarbeiten.<\/p>\r\n<p><strong>Pers\u00f6nliche Daten, die wir sammeln k\u00f6nnen<\/strong><\/p>\r\n<ul>\r\n<li>Wir k\u00f6nnen Informationen \u00fcber Ihre Besuche auf unserer Website sammeln, darunter insbesondere Verkehrsdaten, Standortdaten, den Inhalt von Umfragen und Kontaktformularen sowie andere Kommunikations- und Ressourcendaten, auf die Sie Zugriff haben. Beispielsweise werden diese Informationen Ihre zuk\u00fcnftigen Besuche der Website erleichtern, da wir Inhalte oder Dienstleistungen auf der Grundlage des Ortes, von dem aus Sie auf die Website zugreifen, vorschlagen k\u00f6nnen.<\/li>\r\n<li>Wenn Sie sich mit uns in Verbindung setzen, k\u00f6nnen wir eine Kopie dieser Korrespondenz aufbewahren.<\/li>\r\n<li>Wir sammeln auch Informationen \u00fcber die Gesamtheit der Nutzer der Website in aggregierter Form. Dies erm\u00f6glicht es uns, die Nutzer der Website als Gruppe besser zu verstehen, ohne dass wir Informationen enthalten, mit denen Sie pers\u00f6nlich identifiziert werden k\u00f6nnen.<\/li>\r\n<li>Wir k\u00f6nnen die Informationen auch f\u00fcr Direktmarketingaktivit\u00e4ten per E-Mail, Nachricht und Telefon verwenden. Sie haben jedoch die M\u00f6glichkeit, jederzeit auf den Erhalt unserer zuk\u00fcnftigen Marketingmitteilungen zu verzichten.<\/li>\r\n<li>Wir k\u00f6nnen auch Cookies speichern, wie unten genauer definiert.<\/li>\r\n<\/ul>\r\n<p><strong>Verwendung von pers\u00f6nlichen Daten<\/strong><\/p>\r\n<p>Wir erheben und verarbeiten personenbezogene Daten f\u00fcr folgende Zwecke:<\/p>\r\n<ul>\r\n<li>Inhalte und Dienste an Ihre Vorlieben anzupassen.<\/li>\r\n<li>Sie per E-Mail, Telefon und\/oder Post \u00fcber unsere Dienstleistungen auf dem Laufenden zu halten.<\/li>\r\n<li>Ihnen zus\u00e4tzliche Dienstleistungen - wie Newsletter oder Informationen \u00fcber bevorstehende Veranstaltungen - zur Verf\u00fcgung zu stellen, die wir Ihnen m\u00f6glicherweise anbieten.<\/li>\r\n<li>Um es uns zu erm\u00f6glichen, die Inhalte und Dienste, die f\u00fcr Sie am wichtigsten sind, zu erstellen, zu ver\u00f6ffentlichen und zu verbessern.<\/li>\r\n<li>Sicherstellen, dass die \u00fcber die Website bereitgestellten Inhalte und Dienstleistungen auf die f\u00fcr Sie und Ihre elektronischen Ger\u00e4te effektivste Weise dargestellt werden.<\/li>\r\n<li>Um Ihnen die M\u00f6glichkeit zu geben, an interaktiven Veranstaltungen teilzunehmen, wenn Sie dies w\u00fcnschen.<\/li>\r\n<li>Zur Entwicklung und Verbesserung unserer Website, ihres Inhalts, unserer Dienstleistungen und unserer Systeme.<\/li>\r\n<\/ul>\r\n<p><strong>Weitergabe an Dritte<\/strong><\/p>\r\n<p>Um die Website, die Inhalte und die auf der Website zug\u00e4nglichen Dienste bereitzustellen, kann es manchmal notwendig sein, Ihre pers\u00f6nlichen Daten an Dritte weiterzugeben:<\/p>\r\n<ul>\r\n<li>An Lieferanten, Auftragnehmer und Bevollm\u00e4chtigte: Gelegentlich k\u00f6nnen wir andere Unternehmen oder Personen beauftragen oder anstellen, um Inhalte bereitzustellen und Dienstleistungen in unserem Namen auszuf\u00fchren. Dies umfasst beispielsweise das Hosting von Inhalten auf der Website und die Bereitstellung bestimmter auf der Website enthaltener Materialien.<\/li>\r\n<li>An andere Unternehmen im Besitz von Payerneland, einschlie\u00dflich ihrer Lieferanten, Auftragnehmer und Bevollm\u00e4chtigten, die m\u00f6glicherweise an der Bereitstellung der Website oder ihrer Inhalte beteiligt sind.<\/li>\r\n<li>An Verwaltungs- oder Strafbeh\u00f6rden, wenn wir nach unserem freien Ermessen der Ansicht sind, dass uns eine solche Verpflichtung obliegt.<\/li>\r\n<\/ul>\r\n<p><strong>IP-Adressen und Cookies<\/strong><\/p>\r\n<ol>\r\n<li>Arten der verwendeten Cookies und ihre Zwecke<\/li>\r\n<\/ol>\r\n<p>Wir k\u00f6nnen Informationen \u00fcber Ihren Computer, einschlie\u00dflich ggf. Ihrer IP-Adresse, Ihres Betriebssystems und Ihres Browsertyps, zu Zwecken der Systemverwaltung und zur Weitergabe dieser Informationen in zusammengefasster Form an unsere Werbekunden sammeln.<\/p>\r\n<p>Wir verwenden die folgenden Cookies:<\/p>\r\n<p>Funktionale Cookies: Sie erm\u00f6glichen es uns, die Funktionsweise der Website zu verbessern und sie besucherfreundlicher zu gestalten. Beispielsweise speichern wir Ihre Anmeldedaten.<\/p>\r\n<p>Webanalyse-Cookies: Sie sorgen daf\u00fcr, dass bei jedem Besuch einer Website ein anonymes Cookie erzeugt wird. Mithilfe dieser Cookies k\u00f6nnen wir feststellen, ob Sie die Website bereits zuvor besucht haben oder nicht. Nur bei Ihrem ersten Besuch wird ein Cookie erstellt. Bei weiteren Besuchen wird automatisch das bereits vorhandene Cookie verwendet.<\/p>\r\n<p>Dieses Cookie wird nur zu statistischen Zwecken verwendet. Auf diese Weise k\u00f6nnen folgende Daten gesammelt werden:<\/p>\r\n<ul>\r\n<li>die Anzahl der eindeutigen Besucher<\/li>\r\n<li>wie oft die Nutzer die Seite besuchen<\/li>\r\n<li>welche Seiten die Besucher aufrufen<\/li>\r\n<li>wie lange die Nutzer eine bestimmte Seite aufrufen<\/li>\r\n<li>die Seite, von der aus die Besucher die Website verlassen<\/li>\r\n<\/ul>\r\n<p>1a. Liste der verwendeten Cookies<\/p>\r\n<p>Google Cookies<\/p>\r\n<ul>\r\n<li>Cookies Payerneland.<\/li>\r\n<li>Google analytics: erm\u00f6glicht die Messung der Besucherzahlen der Website.<\/li>\r\n<\/ul>\r\n<ol>\r\n<li>Blockieren und L\u00f6schen von Cookies<\/li>\r\n<\/ol>\r\n<p>Sofern Sie Ihren Browser nicht so eingestellt haben, dass er Cookies ablehnt, werden unsere Systeme jedes Mal, wenn Sie auf die Website zugreifen, Cookies ausstellen. Bitte beachten Sie, dass unsere Werbekunden und Drittanbieter von Inhalten ebenfalls Cookies verwenden k\u00f6nnen, die sich unserer Kontrolle entziehen.<\/p>\r\n<p>Daher empfehlen wir Ihnen, die Websites solcher Drittparteien und ihre jeweiligen Datenschutzrichtlinien zu \u00fcberpr\u00fcfen, um weitere Informationen \u00fcber ihre Cookies und deren Verwaltung zu erhalten.<\/p>\r\n<p>Wir empfehlen Ihnen auch, wenn Sie Ihren Computer mit anderen Personen teilen, die Option \"An mich erinnern\" nicht auszuw\u00e4hlen, wenn ein Dienst eine solche Option anbietet, um von Ihnen eingegebene Informationen zu speichern.<\/p>\r\n<p>Sie k\u00f6nnen Cookies ganz einfach blockieren und jederzeit selbst \u00fcber Ihren Internetbrowser l\u00f6schen. Sie k\u00f6nnen Ihren Internetbrowser auch so einstellen, dass Sie eine Nachricht erhalten, wenn ein Cookie gesetzt wird. Sie k\u00f6nnen auch angeben, dass bestimmte Cookies nicht installiert werden k\u00f6nnen. Hierzu konsultieren Sie bitte die Hilfefunktion Ihres Browsers.<\/p>\r\n<p>Wenn Sie die Cookies aus Ihrem Browser l\u00f6schen, kann dies Auswirkungen auf die Nutzung unserer Website haben. Einige Tracking-Cookies werden von Dritten gesetzt, die Ihnen \u00fcber unsere Website Werbung einblenden. Sie k\u00f6nnen diese Cookies zentral l\u00f6schen \u00fcber <a href=\"http:\/\/www.youronlinechoices.eu\">www.youronlinechoices.eu<\/a>.<\/p>\r\n<p>Bitte beachten Sie, dass wir, wenn Sie keine Cookies w\u00fcnschen, nicht mehr in der Lage sind, das reibungslose Funktionieren unserer Website zu gew\u00e4hrleisten. Einige Funktionen der Website k\u00f6nnen beeintr\u00e4chtigt werden, und in einigen F\u00e4llen k\u00f6nnen Sie nicht mehr auf die Website zugreifen. Au\u00dferdem bedeutet die Ablehnung von Cookies nicht, dass Sie keine Werbung sehen. Die Anzeigen sind nicht mehr auf Ihre Interessen zugeschnitten und k\u00f6nnen daher h\u00e4ufiger erscheinen.<\/p>\r\n<p>Die Schritte, die Sie zum Anpassen Ihrer Einstellungen durchf\u00fchren m\u00fcssen, sind von Browser zu Browser unterschiedlich. Sehen Sie ggf. in der Hilfefunktion Ihres Browsers nach oder gehen Sie auf einen der unten stehenden Links, um direkt zum Handbuch Ihres Browsers zu gelangen.<\/p>\r\n<p>Firefox: https :\/\/support .mozilla .org\/de\/kb\/l\u00f6schen-der-cookie-um-die-information-zu-entfernen<\/p>\r\n<p>Google Chrome : <a href=\"https:\/\/support.google.com\/chrome\/answer\/95647\">https:\/\/support.google.com\/chrome\/answer\/95647<\/a> ?co=GENIE.Platform=Desktop&amp;hl=de<\/p>\r\n<p>Internet Explorer : <a href=\"https:\/\/support\">https:\/\/support<\/a> .microsoft.com\/de-de\/help\/2 7 883 5\/how-to-delete-cookie-files-in-internet-explorer<\/p>\r\n<p>Safari : <a href=\"https:\/\/support.apple.com\/kb\/ph21411\">https:\/\/support.apple.com\/kb\/ph21411<\/a> ?locale=de _DE<\/p>\r\n<p><strong>Ort der Speicherung und Verarbeitung personenbezogener Daten<\/strong><\/p>\r\n<p>Die von uns gesammelten personenbezogenen Daten k\u00f6nnen von uns und den oben genannten Dritten au\u00dferhalb der Schweizer Grenzen gespeichert und verarbeitet werden, einschlie\u00dflich in L\u00e4ndern, deren Datenschutzgesetze m\u00f6glicherweise keinen gleichwertigen Schutz wie das Schweizer Recht bieten. Durch die \u00dcbermittlung Ihrer pers\u00f6nlichen Daten stimmen Sie einer solchen \u00dcbertragung sowie der Speicherung und Verarbeitung au\u00dferhalb der Schweiz zu.<\/p>\r\n<p><strong>Sicherheit der Daten<\/strong><\/p>\r\n<p>Obwohl wir alles tun, um Ihre Daten zu sch\u00fctzen, ist die \u00dcbertragung von Informationen \u00fcber das Internet nicht v\u00f6llig sicher, und wir k\u00f6nnen die Sicherheit Ihrer pers\u00f6nlichen Daten, die an die Website oder an Dritte \u00fcbermittelt werden, nicht garantieren; jede Daten\u00fcbertragung erfolgt ausschlie\u00dflich auf Ihr eigenes Risiko. Wenn wir Ihre personenbezogenen Daten erhalten, wenden wir strenge Verfahren und Sicherheitsma\u00dfnahmen an, mit denen wir versuchen, einen unbefugten Zugriff zu verhindern.<\/p>\r\n<p><strong>Aktualisieren oder L\u00f6schen Ihrer Daten<\/strong><\/p>\r\n<p>Wenn Sie die Informationen \u00fcber Ihr Payerneland-Konto l\u00f6schen m\u00f6chten, k\u00f6nnen Sie uns jederzeit kontaktieren, indem Sie das Formular auf unserer Kontaktseite ausf\u00fcllen (<a href=\"https:\/\/payerneland.ch\/de\/contact\/\">https:\/\/payerneland.ch\/contact\/<\/a>). Sie erhalten eine E-Mail, in der die L\u00f6schung Ihrer Daten best\u00e4tigt wird, die jedoch in einer Archivkopie gespeichert werden, auf die weder Sie noch Dritte \u00fcber das Internet zugreifen k\u00f6nnen. Diese Kopie wird zu Pr\u00fcf- und Archivierungszwecken zeitlich unbegrenzt aufbewahrt.<\/p>\r\n<p><strong>\u00c4nderungen der Datenschutzrichtlinie<\/strong><\/p>\r\n<p>Alle \u00c4nderungen an der Datenschutzrichtlinie werden auf dieser Seite gepostet.<\/p>\r\n<h2 class=\"wp-block-heading\"><!-- notionvc: f2c04bea-eda0-4311-81db-d4c61d10a937 --><\/h2>\t\t\t\t\t\t\t\t<\/div>\n\t\t\t\t\t<\/div>\n\t\t\t\t<\/div>\n\t\t\t\t<\/div>","protected":false},"excerpt":{"rendered":"<p>Politique de confidentialit\u00e9 Payerneland Holding SA, Route de Berne 14, 1530 Payerne, Suisse (ci-apr\u00e8s \u00abPayerneland\u00bb, ou \u00abnous\u00bb) accorde une importance particuli\u00e8re \u00e0 la protection des donn\u00e9es personnelles des visiteurs de son Site et s\u2019engage \u00e0 cet \u00e9gard \u00e0 pr\u00e9server la confidentialit\u00e9 des donn\u00e9es collect\u00e9es. La pr\u00e9sente politique de confidentialit\u00e9 d\u00e9crit le genre de donn\u00e9es personnelles [&hellip;]<\/p>\n","protected":false},"author":1,"featured_media":0,"parent":0,"menu_order":0,"comment_status":"closed","ping_status":"closed","template":"","meta":{"_acf_changed":false,"footnotes":""},"categories":[7],"tags":[],"class_list":["post-5085","page","type-page","status-publish","hentry","category-payerneland"],"acf":[],"yoast_head":"<!-- This site is optimized with the Yoast SEO plugin v27.4 - https:\/\/yoast.com\/product\/yoast-seo-wordpress\/ -->\n<title>Politique de confidentialit\u00e9 - Payerneland<\/title>\n<meta name=\"description\" content=\"Consultez la politique de confidentialit\u00e9 de Payerneland : types de donn\u00e9es collect\u00e9es, finalit\u00e9s du traitement et respect de vos droits.\" \/>\n<meta name=\"robots\" content=\"index, follow, max-snippet:-1, max-image-preview:large, max-video-preview:-1\" \/>\n<link rel=\"canonical\" href=\"https:\/\/payerneland.ch\/de\/datenschutzrichtlinie\/\" \/>\n<meta property=\"og:locale\" content=\"de_DE\" \/>\n<meta property=\"og:type\" content=\"article\" \/>\n<meta property=\"og:title\" content=\"Politique de confidentialit\u00e9 - Payerneland\" \/>\n<meta property=\"og:description\" content=\"Consultez la politique de confidentialit\u00e9 de Payerneland : types de donn\u00e9es collect\u00e9es, finalit\u00e9s du traitement et respect de vos droits.\" \/>\n<meta property=\"og:url\" content=\"https:\/\/payerneland.ch\/de\/datenschutzrichtlinie\/\" \/>\n<meta property=\"og:site_name\" content=\"Payerneland\" \/>\n<meta property=\"article:publisher\" content=\"https:\/\/www.facebook.com\/Kartingpayerne\/?locale=fr_FR\" \/>\n<meta property=\"article:modified_time\" content=\"2025-08-07T15:17:12+00:00\" \/>\n<meta name=\"twitter:card\" content=\"summary_large_image\" \/>\n<meta name=\"twitter:label1\" content=\"Gesch\u00e4tzte Lesezeit\" \/>\n\t<meta name=\"twitter:data1\" content=\"7\u00a0Minuten\" \/>\n<script type=\"application\/ld+json\" class=\"yoast-schema-graph\">{\"@context\":\"https:\\\/\\\/schema.org\",\"@graph\":[{\"@type\":\"WebPage\",\"@id\":\"https:\\\/\\\/payerneland.ch\\\/politique-de-confidentialite\\\/\",\"url\":\"https:\\\/\\\/payerneland.ch\\\/politique-de-confidentialite\\\/\",\"name\":\"Politique de confidentialit\u00e9 - Payerneland\",\"isPartOf\":{\"@id\":\"https:\\\/\\\/payerneland.ch\\\/#website\"},\"datePublished\":\"2024-08-07T12:35:39+00:00\",\"dateModified\":\"2025-08-07T15:17:12+00:00\",\"description\":\"Consultez la politique de confidentialit\u00e9 de Payerneland : types de donn\u00e9es collect\u00e9es, finalit\u00e9s du traitement et respect de vos droits.\",\"breadcrumb\":{\"@id\":\"https:\\\/\\\/payerneland.ch\\\/politique-de-confidentialite\\\/#breadcrumb\"},\"inLanguage\":\"de-CH\",\"potentialAction\":[{\"@type\":\"ReadAction\",\"target\":[\"https:\\\/\\\/payerneland.ch\\\/politique-de-confidentialite\\\/\"]}]},{\"@type\":\"BreadcrumbList\",\"@id\":\"https:\\\/\\\/payerneland.ch\\\/politique-de-confidentialite\\\/#breadcrumb\",\"itemListElement\":[{\"@type\":\"ListItem\",\"position\":1,\"name\":\"Accueil\",\"item\":\"https:\\\/\\\/payerneland.ch\\\/\"},{\"@type\":\"ListItem\",\"position\":2,\"name\":\"Politique de confidentialit\u00e9\"}]},{\"@type\":\"WebSite\",\"@id\":\"https:\\\/\\\/payerneland.ch\\\/#website\",\"url\":\"https:\\\/\\\/payerneland.ch\\\/\",\"name\":\"Payerneland\",\"description\":\"Karting - Karting Indoor - Karting Outdoor - Parc Aventure - Laura Parc - Payerne - Suisse\",\"publisher\":{\"@id\":\"https:\\\/\\\/payerneland.ch\\\/#organization\"},\"potentialAction\":[{\"@type\":\"SearchAction\",\"target\":{\"@type\":\"EntryPoint\",\"urlTemplate\":\"https:\\\/\\\/payerneland.ch\\\/?s={search_term_string}\"},\"query-input\":{\"@type\":\"PropertyValueSpecification\",\"valueRequired\":true,\"valueName\":\"search_term_string\"}}],\"inLanguage\":\"de-CH\"},{\"@type\":\"Organization\",\"@id\":\"https:\\\/\\\/payerneland.ch\\\/#organization\",\"name\":\"Payerneland\",\"url\":\"https:\\\/\\\/payerneland.ch\\\/\",\"logo\":{\"@type\":\"ImageObject\",\"inLanguage\":\"de-CH\",\"@id\":\"https:\\\/\\\/payerneland.ch\\\/#\\\/schema\\\/logo\\\/image\\\/\",\"url\":\"https:\\\/\\\/payerneland.ch\\\/wp-content\\\/uploads\\\/2024\\\/05\\\/logo-payerneland.png\",\"contentUrl\":\"https:\\\/\\\/payerneland.ch\\\/wp-content\\\/uploads\\\/2024\\\/05\\\/logo-payerneland.png\",\"width\":337,\"height\":149,\"caption\":\"Payerneland\"},\"image\":{\"@id\":\"https:\\\/\\\/payerneland.ch\\\/#\\\/schema\\\/logo\\\/image\\\/\"},\"sameAs\":[\"https:\\\/\\\/www.facebook.com\\\/Kartingpayerne\\\/?locale=fr_FR\",\"https:\\\/\\\/www.instagram.com\\\/kartingpayerne\\\/\"]}]}<\/script>\n<!-- \/ Yoast SEO plugin. -->","yoast_head_json":{"title":"Datenschutzrichtlinie - Payerneland","description":"Lesen Sie die Datenschutzrichtlinie von Payerneland: Arten der gesammelten Daten, Zweck der Verarbeitung und Wahrung Ihrer Rechte.","robots":{"index":"index","follow":"follow","max-snippet":"max-snippet:-1","max-image-preview":"max-image-preview:large","max-video-preview":"max-video-preview:-1"},"canonical":"https:\/\/payerneland.ch\/de\/datenschutzrichtlinie\/","og_locale":"de_DE","og_type":"article","og_title":"Politique de confidentialit\u00e9 - Payerneland","og_description":"Consultez la politique de confidentialit\u00e9 de Payerneland : types de donn\u00e9es collect\u00e9es, finalit\u00e9s du traitement et respect de vos droits.","og_url":"https:\/\/payerneland.ch\/de\/datenschutzrichtlinie\/","og_site_name":"Payerneland","article_publisher":"https:\/\/www.facebook.com\/Kartingpayerne\/?locale=fr_FR","article_modified_time":"2025-08-07T15:17:12+00:00","twitter_card":"summary_large_image","twitter_misc":{"Gesch\u00e4tzte Lesezeit":"7\u00a0Minuten"},"schema":{"@context":"https:\/\/schema.org","@graph":[{"@type":"WebPage","@id":"https:\/\/payerneland.ch\/politique-de-confidentialite\/","url":"https:\/\/payerneland.ch\/politique-de-confidentialite\/","name":"Datenschutzrichtlinie - Payerneland","isPartOf":{"@id":"https:\/\/payerneland.ch\/#website"},"datePublished":"2024-08-07T12:35:39+00:00","dateModified":"2025-08-07T15:17:12+00:00","description":"Lesen Sie die Datenschutzrichtlinie von Payerneland: Arten der gesammelten Daten, Zweck der Verarbeitung und Wahrung Ihrer Rechte.","breadcrumb":{"@id":"https:\/\/payerneland.ch\/politique-de-confidentialite\/#breadcrumb"},"inLanguage":"de-CH","potentialAction":[{"@type":"ReadAction","target":["https:\/\/payerneland.ch\/politique-de-confidentialite\/"]}]},{"@type":"BreadcrumbList","@id":"https:\/\/payerneland.ch\/politique-de-confidentialite\/#breadcrumb","itemListElement":[{"@type":"ListItem","position":1,"name":"Accueil","item":"https:\/\/payerneland.ch\/"},{"@type":"ListItem","position":2,"name":"Politique de confidentialit\u00e9"}]},{"@type":"WebSite","@id":"https:\/\/payerneland.ch\/#website","url":"https:\/\/payerneland.ch\/","name":"Payerneland","description":"Karting - Indoor Karting - Outdoor Karting - Adventure Park - Laura Parc - Payerne - Schweiz","publisher":{"@id":"https:\/\/payerneland.ch\/#organization"},"potentialAction":[{"@type":"SearchAction","target":{"@type":"EntryPoint","urlTemplate":"https:\/\/payerneland.ch\/?s={search_term_string}"},"query-input":{"@type":"PropertyValueSpecification","valueRequired":true,"valueName":"search_term_string"}}],"inLanguage":"de-CH"},{"@type":"Organization","@id":"https:\/\/payerneland.ch\/#organization","name":"Payerneland","url":"https:\/\/payerneland.ch\/","logo":{"@type":"ImageObject","inLanguage":"de-CH","@id":"https:\/\/payerneland.ch\/#\/schema\/logo\/image\/","url":"https:\/\/payerneland.ch\/wp-content\/uploads\/2024\/05\/logo-payerneland.png","contentUrl":"https:\/\/payerneland.ch\/wp-content\/uploads\/2024\/05\/logo-payerneland.png","width":337,"height":149,"caption":"Payerneland"},"image":{"@id":"https:\/\/payerneland.ch\/#\/schema\/logo\/image\/"},"sameAs":["https:\/\/www.facebook.com\/Kartingpayerne\/?locale=fr_FR","https:\/\/www.instagram.com\/kartingpayerne\/"]}]}},"_links":{"self":[{"href":"https:\/\/payerneland.ch\/de\/wp-json\/wp\/v2\/pages\/5085","targetHints":{"allow":["GET"]}}],"collection":[{"href":"https:\/\/payerneland.ch\/de\/wp-json\/wp\/v2\/pages"}],"about":[{"href":"https:\/\/payerneland.ch\/de\/wp-json\/wp\/v2\/types\/page"}],"author":[{"embeddable":true,"href":"https:\/\/payerneland.ch\/de\/wp-json\/wp\/v2\/users\/1"}],"replies":[{"embeddable":true,"href":"https:\/\/payerneland.ch\/de\/wp-json\/wp\/v2\/comments?post=5085"}],"version-history":[{"count":1,"href":"https:\/\/payerneland.ch\/de\/wp-json\/wp\/v2\/pages\/5085\/revisions"}],"predecessor-version":[{"id":8827,"href":"https:\/\/payerneland.ch\/de\/wp-json\/wp\/v2\/pages\/5085\/revisions\/8827"}],"wp:attachment":[{"href":"https:\/\/payerneland.ch\/de\/wp-json\/wp\/v2\/media?parent=5085"}],"wp:term":[{"taxonomy":"category","embeddable":true,"href":"https:\/\/payerneland.ch\/de\/wp-json\/wp\/v2\/categories?post=5085"},{"taxonomy":"post_tag","embeddable":true,"href":"https:\/\/payerneland.ch\/de\/wp-json\/wp\/v2\/tags?post=5085"}],"curies":[{"name":"wp","href":"https:\/\/api.w.org\/{rel}","templated":true}]}}