{"id":10431,"date":"2026-03-17T12:58:47","date_gmt":"2026-03-17T11:58:47","guid":{"rendered":"https:\/\/payerneland.ch\/?page_id=10431"},"modified":"2026-03-17T13:05:43","modified_gmt":"2026-03-17T12:05:43","slug":"allgemeine-verkaufsbedingungen","status":"publish","type":"page","link":"https:\/\/payerneland.ch\/de\/allgemeine-verkaufsbedingungen\/","title":{"rendered":"Allgemeine Verkaufsbedingungen"},"content":{"rendered":"<div data-elementor-type=\"wp-page\" data-elementor-id=\"10431\" class=\"elementor elementor-10431\" data-elementor-post-type=\"page\">\n\t\t\t\t<div class=\"elementor-element elementor-element-f00ffc3 e-flex e-con-boxed e-con e-parent\" data-id=\"f00ffc3\" data-element_type=\"container\">\n\t\t\t\t\t<div class=\"e-con-inner\">\n\t\t\t\t<div class=\"elementor-element elementor-element-ac5d6f3 elementor-widget elementor-widget-heading\" data-id=\"ac5d6f3\" data-element_type=\"widget\" data-widget_type=\"heading.default\">\n\t\t\t\t\t<h2 class=\"elementor-heading-title elementor-size-default\">Allgemeine Verkaufsbedingungen (AVB)<\/h2>\t\t\t\t<\/div>\n\t\t\t\t<div class=\"elementor-element elementor-element-a0ee382 elementor-widget elementor-widget-text-editor\" data-id=\"a0ee382\" data-element_type=\"widget\" data-widget_type=\"text-editor.default\">\n\t\t\t\t\t\t\t\t\t<h2>CGV \u2013 Online-Shop (Geschenkgutscheine)<\/h2><p><strong>Payerneland \/ Karting de Payerne<\/strong><\/p><h2>1. Objekt<\/h2><p>Die vorliegenden Allgemeinen Verkaufsbedingungen (AVB) regeln den Verkauf von Geschenkgutscheinen \u00fcber den Online-Shop, der von Payerneland (der Gesellschaft Karting Indoor Attractions SA) betrieben wird.<br \/>Jede online aufgegebene Bestellung impliziert die volle und uneingeschr\u00e4nkte Annahme der vorliegenden AGB durch den Kunden.<\/p><p>\u00a0<\/p><hr \/><h2>2. Informationen zum Verk\u00e4ufer<\/h2><p><strong>Karting Indoor Attractions SA (Payerneland \/ Karting de Payerne)<\/strong><br \/>Route de Berne 14<br \/>1530 Payerne<br \/>Schweiz<\/p><p><strong>IDE<\/strong> CHE-108.736.401<br \/><strong>Telefon :<\/strong> +41 26 660 04 60<br \/><strong>E-Mail :<\/strong> info@kartingindoor.ch<br \/><strong>Website :<\/strong> https:\/\/www.payerneland.ch<\/p><p>\u00a0<\/p><hr \/><h2>3. Produkte und Dienstleistungen<\/h2><p>Der Online-Shop erm\u00f6glicht den Kauf von digitalen Gutscheinen f\u00fcr die von Payerneland angebotenen Dienstleistungen, insbesondere:<\/p><ul><li>Karting<\/li><li>Payerneland Abenteuer<\/li><li>Laurapark<\/li><li>Restaurant<\/li><\/ul><p>Die auf der Website dargestellten Beschreibungen und visuellen Darstellungen dienen zur Veranschaulichung.<\/p><p>\u00a0<\/p><hr \/><h2>4. Preis<\/h2><p>Die Preise verstehen sich in Schweizer Franken (CHF) und enthalten die geltende Mehrwertsteuer.<br \/>Payerneland beh\u00e4lt sich das Recht vor, seine Preise jederzeit zu \u00e4ndern.<br \/>Der geltende Preis ist derjenige, der zum Zeitpunkt der Bestellung angezeigt wird.<\/p><p>\u00a0<\/p><hr \/><h2>5. Bestellvorgang<\/h2><p>Der Bestellvorgang umfasst folgende Schritte:<\/p><ol><li>Auswahl des richtigen Geschenks<\/li><li>In den Warenkorb legen<\/li><li>Dateneingabe f\u00fcr Kundeninformationen<\/li><li>Auftragsbest\u00e4tigung<\/li><li>sichere Zahlung<\/li><li>Bestellbest\u00e4tigung per E-Mail<\/li><\/ol><p>Die Bestellung gilt nach Zahlungsbest\u00e4tigung als endg\u00fcltig.<br \/>Die folgenden Informationen m\u00fcssen bereitgestellt werden: Vorname, Nachname, Stra\u00dfe und Hausnummer, Postleitzahl und Stadt.<\/p><p>Karting Indoor Attractions SA beh\u00e4lt sich das Recht vor, eine Bestellung in folgenden F\u00e4llen zu stornieren:<\/p><ul><li>Nichtzahlung<\/li><li>falsche oder unzureichende Informationen<\/li><li>Betrugsverdacht<\/li><\/ul><p>\u00a0<\/p><hr \/><h2>6. Zahlungsmittel<\/h2><p>Die Zahlungen erfolgen \u00fcber sichere Zahlungsl\u00f6sungen.<br \/>Die Zahlungsmethoden k\u00f6nnen umfassen:<\/p><ul><li>Kreditkarten (Visa, Mastercard, etc.)<\/li><\/ul><p>Die Transaktionen werden \u00fcber eine sichere Plattform abgewickelt.<br \/>Karting Indoor Attractions SA speichert keine vollst\u00e4ndigen Kreditkartendaten.<\/p><p>\u00a0<\/p><hr \/><h2>7. Transaktionssicherheit<\/h2><p>Um Betrug vorzubeugen, k\u00f6nnen bestimmte Bestellungen zus\u00e4tzlichen Kontrollen unterliegen.<br \/>Karting Indoor Attractions SA beh\u00e4lt sich das Recht vor, verd\u00e4chtige Bestellungen abzubrechen oder auszusetzen.<\/p><p>\u00a0<\/p><hr \/><h2>8. Einl\u00f6sung von Geschenkgutscheinen<\/h2><p>Gutscheine werden ausschlie\u00dflich in elektronischer Form ausgestellt.<br \/>Nach Best\u00e4tigung der Zahlung wird der Gutschein als PDF-Datei per E-Mail an die vom Kunden angegebene Adresse gesendet.<br \/>Der Kunde ist f\u00fcr die Richtigkeit der angegebenen E-Mail-Adresse verantwortlich.<\/p><p>\u00a0<\/p><hr \/><h2>9. G\u00fcltigkeit von Geschenkgutscheinen<\/h2><p>Gutscheine sind unbegrenzt g\u00fcltig.<br \/>Sie k\u00f6nnen jederzeit f\u00fcr die von Payerneland angebotenen Leistungen genutzt werden, vorbehaltlich der Verf\u00fcgbarkeit.<\/p><p>\u00a0<\/p><hr \/><h2>10. Nutzungsbedingungen<\/h2><p>Geschenkgutscheine:<\/p><ul><li>m\u00fcssen bei ihrer Verwendung vorhanden sein<\/li><li>sind nur f\u00fcr die von Payerneland angebotenen Leistungen g\u00fcltig<\/li><li>sind nicht in bar umwandelbar<\/li><\/ul><p>Wenn der Wert des Gutscheins unter dem Betrag der gew\u00e4hlten Leistung liegt, wird die Differenz vom Kunden bezahlt.<\/p><p>\u00a0<\/p><hr \/><h2>11. Anpassung der Leistungen und Tarife<\/h2><p>Gutscheine entsprechen zum Zeitpunkt ihres Kaufs einem Geldwert.<br \/>Die Tarife k\u00f6nnen sich im Laufe der Zeit \u00e4ndern.<\/p><p>Wenn der Preis der gew\u00e4hlten Dienstleistung den Wert des Gutscheins \u00fcbersteigt, muss der Kunde die Differenz bezahlen.<br \/>Wenn die Gutschrift den Preis der Leistung \u00fcbersteigt, kann der Restbetrag f\u00fcr andere Leistungen verwendet werden.<\/p><p>\u00a0<\/p><hr \/><h2>12. Widerrufsrecht und R\u00fcckerstattung<\/h2><p>Online erworbene Geschenkgutscheine k\u00f6nnen weder zur\u00fcckerstattet noch umgetauscht werden, es sei denn, es liegt ein Fehler von Payerneland vor.<\/p><p>\u00a0<\/p><hr \/><h2>13. Verlust oder Diebstahl<\/h2><p>Gutscheine werden als Wertpapiere betrachtet.<br \/>Im Falle von Verlust, Diebstahl oder betr\u00fcgerischem Gebrauch erfolgt keine Ersatzlieferung oder R\u00fcckerstattung.<\/p><p>\u00a0<\/p><hr \/><h2>14. Verf\u00fcgbarkeit von Aktivit\u00e4ten<\/h2><p>Die Aktivit\u00e4ten k\u00f6nnen Einschr\u00e4nkungen unterliegen, die unabh\u00e4ngig von Payerneland sind, insbesondere:<\/p><ul><li>Wetterbedingungen<\/li><li>Sicherheitsgr\u00fcnde<\/li><li>Wartungstechnik<\/li><li>Privatisierung oder Sonderveranstaltungen<\/li><li>begrenzte Kapazit\u00e4t<\/li><\/ul><p>Payerneland kann den Zugang zu bestimmten Aktivit\u00e4ten verschieben, anpassen oder verweigern.<br \/>Die Gutscheine bleiben auch sp\u00e4ter noch g\u00fcltig.<\/p><p>\u00a0<\/p><hr \/><h2>15. Verantwortlichkeit<\/h2><p>Karting Indoor Attractions SA kann nicht haftbar gemacht werden f\u00fcr Sch\u00e4den, die sich ergeben aus:<\/p><ul><li>bei unsachgem\u00e4\u00dfer Verwendung von Geschenkgutscheinen<\/li><li>Versto\u00df gegen die Sicherheitsvorschriften<\/li><li>h\u00f6herer Gewalt<\/li><li>w\u00e4hrend der vor\u00fcbergehenden Nichtverf\u00fcgbarkeit einer Aktivit\u00e4t<\/li><\/ul><p>\u00a0<\/p><hr \/><h2>16. Datenschutz<\/h2><p>Die pers\u00f6nlichen Daten werden ausschlie\u00dflich verwendet f\u00fcr:<\/p><ul><li>die Auftragsbearbeitung<\/li><li>die Zahlungsverwaltung<\/li><li>die Kundenbeziehung<\/li><\/ul><p>Die Verarbeitung entspricht dem Schweizer Bundesgesetz \u00fcber den Datenschutz (DSG).<\/p><p>\u00a0<\/p><hr \/><h2>17. Anwendbares Recht und Gerichtsstand<\/h2><p>Die vorliegenden AGB unterliegen schweizerischem Recht.<br \/>Im Falle von Streitigkeiten sind die zust\u00e4ndigen Gerichte diejenigen des Kantons des Firmensitzes (Payerne, Waadt), sofern nicht zwingende gesetzliche Bestimmungen etwas anderes vorsehen.<\/p><p>\u00a0<\/p><hr \/><h2>18. Reservierungen<\/h2><p>Einige Aktivit\u00e4ten erfordern eine vorherige Reservierung.<br \/>Der Besitz eines Geschenkgutscheins garantiert keinen sofortigen Zugang.<br \/>Die Leistungen werden im Rahmen der Verf\u00fcgbarkeiten erbracht.<\/p><p>\u00a0<\/p><hr \/><h2>19. Verweigerung des Zugangs<\/h2><p>Payerneland kann jedem den Zugang verweigern:<\/p><ul><li>Nicht die Sicherheitsregeln einhaltend<\/li><li>sich unangemessen verhaltend<\/li><li>unter dem Einfluss von Alkohol oder Substanzen<\/li><li>Anweisungen des Personals ignorieren<\/li><li>eine Gefahr f\u00fcr sich selbst oder andere darstellt<\/li><\/ul><p>Es sind keine R\u00fcckerstattungen m\u00f6glich.<\/p><p>\u00a0<\/p><hr \/><h2>20. Betriebsunterbrechung<\/h2><p>Aus Sicherheits- oder Betriebsgr\u00fcnden kann Payerneland eine Aktivit\u00e4t unterbrechen, wenn:<\/p><ul><li>ung\u00fcnstige Wetterbedingungen<\/li><li>technischer Zwischenfall<\/li><li>Sicherheitsproblem<\/li><li>gef\u00e4hrliches Verhalten<\/li><\/ul><p>Es kann kein Schadensersatz gefordert werden.<\/p><p>\u00a0<\/p><hr \/><h2>21. H\u00f6here Gewalt<\/h2><p>Karting Indoor Attractions SA kann im Falle h\u00f6herer Gewalt nicht haftbar gemacht werden, wie zum Beispiel:<\/p><ul><li>Naturkatastrophen<\/li><li>Brand<\/li><li>gravierende technische St\u00f6rungen<\/li><li>Entscheidungen der Beh\u00f6rden<\/li><li>Streiks<\/li><li>Pandemie<\/li><\/ul><p>\u00a0<\/p><hr \/><h2>22. \u00c4nderung der Allgemeinen Gesch\u00e4ftsbedingungen<\/h2><p>Karting Indoor Attractions SA beh\u00e4lt sich das Recht vor, diese AGB jederzeit zu \u00e4ndern.<br \/>Die geltenden Bedingungen sind die, die zum Zeitpunkt der Bestellung g\u00fcltig sind.<\/p><p>\u00a0<\/p>\t\t\t\t\t\t\t\t<\/div>\n\t\t\t\t\t<\/div>\n\t\t\t\t<\/div>\n\t\t\t\t<\/div>","protected":false},"excerpt":{"rendered":"<p>Conditions G\u00e9n\u00e9rales de Vente (CGV) CGV \u2013 Boutique en ligne (Bons cadeaux) Payerneland \/ Karting de Payerne 1. Objet Les pr\u00e9sentes Conditions G\u00e9n\u00e9rales de Vente (CGV) r\u00e9gissent les ventes de bons cadeaux via la boutique en ligne exploit\u00e9e par Payerneland (la soci\u00e9t\u00e9 Karting Indoor Attractions SA).Toute commande pass\u00e9e sur le site internet implique l\u2019acceptation pleine [&hellip;]<\/p>\n","protected":false},"author":1,"featured_media":0,"parent":0,"menu_order":0,"comment_status":"closed","ping_status":"closed","template":"","meta":{"_acf_changed":false,"footnotes":""},"categories":[],"tags":[],"class_list":["post-10431","page","type-page","status-publish","hentry"],"acf":[],"yoast_head":"<!-- This site is optimized with the Yoast SEO plugin v27.5 - https:\/\/yoast.com\/product\/yoast-seo-wordpress\/ -->\n<title>Conditions G\u00e9n\u00e9rales de Vente - Payerneland<\/title>\n<meta name=\"robots\" content=\"index, follow, max-snippet:-1, max-image-preview:large, max-video-preview:-1\" \/>\n<link rel=\"canonical\" href=\"https:\/\/payerneland.ch\/de\/allgemeine-verkaufsbedingungen\/\" \/>\n<meta property=\"og:locale\" content=\"de_DE\" \/>\n<meta property=\"og:type\" content=\"article\" \/>\n<meta property=\"og:title\" content=\"Conditions G\u00e9n\u00e9rales de Vente - Payerneland\" \/>\n<meta property=\"og:description\" content=\"Conditions G\u00e9n\u00e9rales de Vente (CGV) CGV \u2013 Boutique en ligne (Bons cadeaux) Payerneland \/ Karting de Payerne 1. Objet Les pr\u00e9sentes Conditions G\u00e9n\u00e9rales de Vente (CGV) r\u00e9gissent les ventes de bons cadeaux via la boutique en ligne exploit\u00e9e par Payerneland (la soci\u00e9t\u00e9 Karting Indoor Attractions SA).Toute commande pass\u00e9e sur le site internet implique l\u2019acceptation pleine [&hellip;]\" \/>\n<meta property=\"og:url\" content=\"https:\/\/payerneland.ch\/de\/allgemeine-verkaufsbedingungen\/\" \/>\n<meta property=\"og:site_name\" content=\"Payerneland\" \/>\n<meta property=\"article:publisher\" content=\"https:\/\/www.facebook.com\/Kartingpayerne\/?locale=fr_FR\" \/>\n<meta property=\"article:modified_time\" content=\"2026-03-17T12:05:43+00:00\" \/>\n<meta name=\"twitter:card\" content=\"summary_large_image\" \/>\n<meta name=\"twitter:label1\" content=\"Gesch\u00e4tzte Lesezeit\" \/>\n\t<meta name=\"twitter:data1\" content=\"5\u00a0Minuten\" \/>\n<script type=\"application\/ld+json\" class=\"yoast-schema-graph\">{\"@context\":\"https:\\\/\\\/schema.org\",\"@graph\":[{\"@type\":\"WebPage\",\"@id\":\"https:\\\/\\\/payerneland.ch\\\/conditions-generales-de-vente\\\/\",\"url\":\"https:\\\/\\\/payerneland.ch\\\/conditions-generales-de-vente\\\/\",\"name\":\"Conditions G\u00e9n\u00e9rales de Vente - Payerneland\",\"isPartOf\":{\"@id\":\"https:\\\/\\\/payerneland.ch\\\/#website\"},\"datePublished\":\"2026-03-17T11:58:47+00:00\",\"dateModified\":\"2026-03-17T12:05:43+00:00\",\"breadcrumb\":{\"@id\":\"https:\\\/\\\/payerneland.ch\\\/conditions-generales-de-vente\\\/#breadcrumb\"},\"inLanguage\":\"de-CH\",\"potentialAction\":[{\"@type\":\"ReadAction\",\"target\":[\"https:\\\/\\\/payerneland.ch\\\/conditions-generales-de-vente\\\/\"]}]},{\"@type\":\"BreadcrumbList\",\"@id\":\"https:\\\/\\\/payerneland.ch\\\/conditions-generales-de-vente\\\/#breadcrumb\",\"itemListElement\":[{\"@type\":\"ListItem\",\"position\":1,\"name\":\"Accueil\",\"item\":\"https:\\\/\\\/payerneland.ch\\\/\"},{\"@type\":\"ListItem\",\"position\":2,\"name\":\"Conditions G\u00e9n\u00e9rales de Vente\"}]},{\"@type\":\"WebSite\",\"@id\":\"https:\\\/\\\/payerneland.ch\\\/#website\",\"url\":\"https:\\\/\\\/payerneland.ch\\\/\",\"name\":\"Payerneland\",\"description\":\"Karting - Karting Indoor - Karting Outdoor - Parc Aventure - Laura Parc - Payerne - Suisse\",\"publisher\":{\"@id\":\"https:\\\/\\\/payerneland.ch\\\/#organization\"},\"potentialAction\":[{\"@type\":\"SearchAction\",\"target\":{\"@type\":\"EntryPoint\",\"urlTemplate\":\"https:\\\/\\\/payerneland.ch\\\/?s={search_term_string}\"},\"query-input\":{\"@type\":\"PropertyValueSpecification\",\"valueRequired\":true,\"valueName\":\"search_term_string\"}}],\"inLanguage\":\"de-CH\"},{\"@type\":\"Organization\",\"@id\":\"https:\\\/\\\/payerneland.ch\\\/#organization\",\"name\":\"Payerneland\",\"url\":\"https:\\\/\\\/payerneland.ch\\\/\",\"logo\":{\"@type\":\"ImageObject\",\"inLanguage\":\"de-CH\",\"@id\":\"https:\\\/\\\/payerneland.ch\\\/#\\\/schema\\\/logo\\\/image\\\/\",\"url\":\"https:\\\/\\\/payerneland.ch\\\/wp-content\\\/uploads\\\/2024\\\/05\\\/logo-payerneland.png\",\"contentUrl\":\"https:\\\/\\\/payerneland.ch\\\/wp-content\\\/uploads\\\/2024\\\/05\\\/logo-payerneland.png\",\"width\":337,\"height\":149,\"caption\":\"Payerneland\"},\"image\":{\"@id\":\"https:\\\/\\\/payerneland.ch\\\/#\\\/schema\\\/logo\\\/image\\\/\"},\"sameAs\":[\"https:\\\/\\\/www.facebook.com\\\/Kartingpayerne\\\/?locale=fr_FR\",\"https:\\\/\\\/www.instagram.com\\\/kartingpayerne\\\/\"]}]}<\/script>\n<!-- \/ Yoast SEO plugin. -->","yoast_head_json":{"title":"Allgemeine Verkaufsbedingungen - Payerneland","robots":{"index":"index","follow":"follow","max-snippet":"max-snippet:-1","max-image-preview":"max-image-preview:large","max-video-preview":"max-video-preview:-1"},"canonical":"https:\/\/payerneland.ch\/de\/allgemeine-verkaufsbedingungen\/","og_locale":"de_DE","og_type":"article","og_title":"Conditions G\u00e9n\u00e9rales de Vente - Payerneland","og_description":"Conditions G\u00e9n\u00e9rales de Vente (CGV) CGV \u2013 Boutique en ligne (Bons cadeaux) Payerneland \/ Karting de Payerne 1. Objet Les pr\u00e9sentes Conditions G\u00e9n\u00e9rales de Vente (CGV) r\u00e9gissent les ventes de bons cadeaux via la boutique en ligne exploit\u00e9e par Payerneland (la soci\u00e9t\u00e9 Karting Indoor Attractions SA).Toute commande pass\u00e9e sur le site internet implique l\u2019acceptation pleine [&hellip;]","og_url":"https:\/\/payerneland.ch\/de\/allgemeine-verkaufsbedingungen\/","og_site_name":"Payerneland","article_publisher":"https:\/\/www.facebook.com\/Kartingpayerne\/?locale=fr_FR","article_modified_time":"2026-03-17T12:05:43+00:00","twitter_card":"summary_large_image","twitter_misc":{"Gesch\u00e4tzte Lesezeit":"5\u00a0Minuten"},"schema":{"@context":"https:\/\/schema.org","@graph":[{"@type":"WebPage","@id":"https:\/\/payerneland.ch\/conditions-generales-de-vente\/","url":"https:\/\/payerneland.ch\/conditions-generales-de-vente\/","name":"Allgemeine Verkaufsbedingungen - Payerneland","isPartOf":{"@id":"https:\/\/payerneland.ch\/#website"},"datePublished":"2026-03-17T11:58:47+00:00","dateModified":"2026-03-17T12:05:43+00:00","breadcrumb":{"@id":"https:\/\/payerneland.ch\/conditions-generales-de-vente\/#breadcrumb"},"inLanguage":"de-CH","potentialAction":[{"@type":"ReadAction","target":["https:\/\/payerneland.ch\/conditions-generales-de-vente\/"]}]},{"@type":"BreadcrumbList","@id":"https:\/\/payerneland.ch\/conditions-generales-de-vente\/#breadcrumb","itemListElement":[{"@type":"ListItem","position":1,"name":"Accueil","item":"https:\/\/payerneland.ch\/"},{"@type":"ListItem","position":2,"name":"Conditions G\u00e9n\u00e9rales de Vente"}]},{"@type":"WebSite","@id":"https:\/\/payerneland.ch\/#website","url":"https:\/\/payerneland.ch\/","name":"Payerneland","description":"Karting - Indoor Karting - Outdoor Karting - Adventure Park - Laura Parc - Payerne - Schweiz","publisher":{"@id":"https:\/\/payerneland.ch\/#organization"},"potentialAction":[{"@type":"SearchAction","target":{"@type":"EntryPoint","urlTemplate":"https:\/\/payerneland.ch\/?s={search_term_string}"},"query-input":{"@type":"PropertyValueSpecification","valueRequired":true,"valueName":"search_term_string"}}],"inLanguage":"de-CH"},{"@type":"Organization","@id":"https:\/\/payerneland.ch\/#organization","name":"Payerneland","url":"https:\/\/payerneland.ch\/","logo":{"@type":"ImageObject","inLanguage":"de-CH","@id":"https:\/\/payerneland.ch\/#\/schema\/logo\/image\/","url":"https:\/\/payerneland.ch\/wp-content\/uploads\/2024\/05\/logo-payerneland.png","contentUrl":"https:\/\/payerneland.ch\/wp-content\/uploads\/2024\/05\/logo-payerneland.png","width":337,"height":149,"caption":"Payerneland"},"image":{"@id":"https:\/\/payerneland.ch\/#\/schema\/logo\/image\/"},"sameAs":["https:\/\/www.facebook.com\/Kartingpayerne\/?locale=fr_FR","https:\/\/www.instagram.com\/kartingpayerne\/"]}]}},"_links":{"self":[{"href":"https:\/\/payerneland.ch\/de\/wp-json\/wp\/v2\/pages\/10431","targetHints":{"allow":["GET"]}}],"collection":[{"href":"https:\/\/payerneland.ch\/de\/wp-json\/wp\/v2\/pages"}],"about":[{"href":"https:\/\/payerneland.ch\/de\/wp-json\/wp\/v2\/types\/page"}],"author":[{"embeddable":true,"href":"https:\/\/payerneland.ch\/de\/wp-json\/wp\/v2\/users\/1"}],"replies":[{"embeddable":true,"href":"https:\/\/payerneland.ch\/de\/wp-json\/wp\/v2\/comments?post=10431"}],"version-history":[{"count":7,"href":"https:\/\/payerneland.ch\/de\/wp-json\/wp\/v2\/pages\/10431\/revisions"}],"predecessor-version":[{"id":10442,"href":"https:\/\/payerneland.ch\/de\/wp-json\/wp\/v2\/pages\/10431\/revisions\/10442"}],"wp:attachment":[{"href":"https:\/\/payerneland.ch\/de\/wp-json\/wp\/v2\/media?parent=10431"}],"wp:term":[{"taxonomy":"category","embeddable":true,"href":"https:\/\/payerneland.ch\/de\/wp-json\/wp\/v2\/categories?post=10431"},{"taxonomy":"post_tag","embeddable":true,"href":"https:\/\/payerneland.ch\/de\/wp-json\/wp\/v2\/tags?post=10431"}],"curies":[{"name":"wp","href":"https:\/\/api.w.org\/{rel}","templated":true}]}}